{"id":6574,"date":"2019-04-12T18:22:24","date_gmt":"2019-04-12T16:22:24","guid":{"rendered":"https:\/\/websites.fraunhofer.de\/staedtische-agrikultur\/?page_id=6574"},"modified":"2019-10-18T13:51:41","modified_gmt":"2019-10-18T11:51:41","slug":"pilotprojekte","status":"publish","type":"page","link":"https:\/\/staedtische-agrikultur.de\/index.php\/pilotprojekte\/","title":{"rendered":"Piloten"},"content":{"rendered":"<p>[et_pb_section fb_built=&#8220;1&#8243; _builder_version=&#8220;4.0.1&#8243; background_color=&#8220;#00967f&#8220; background_image=&#8220;https:\/\/staedtische-agrikultur.de\/wp-content\/uploads\/2019\/04\/642254_original_R_K_B_by_uschi-dreiucker_pixelio.de_.png&#8220; parallax=&#8220;on&#8220; parallax_method=&#8220;off&#8220; custom_margin=&#8220;|||&#8220; custom_padding=&#8220;0px|0px|0px|0px&#8220; hover_enabled=&#8220;0&#8243;][et_pb_row _builder_version=&#8220;3.25&#8243; custom_padding=&#8220;100px||0||false|false&#8220; column_structure=&#8220;1_2,1_2&#8243;][et_pb_column type=&#8220;1_2&#8243; _builder_version=&#8220;3.25&#8243; custom_padding=&#8220;|||&#8220; custom_padding__hover=&#8220;|||&#8220;][et_pb_blurb title=&#8220;Pilotprojekte in Bonn und Oberhausen&#8220; image_max_width=&#8220;1000px&#8220; content_max_width=&#8220;1000px&#8220; image_max_width_tablet=&#8220;&#8220; image_max_width_phone=&#8220;&#8220; image_max_width_last_edited=&#8220;on|desktop&#8220; content_max_width_tablet=&#8220;&#8220; content_max_width_phone=&#8220;&#8220; content_max_width_last_edited=&#8220;on|desktop&#8220; _builder_version=&#8220;3.21.4&#8243; header_text_color=&#8220;#ffffff&#8220; header_font_size=&#8220;42px&#8220; body_font=&#8220;Comfortaa||||&#8220; body_text_align=&#8220;left&#8220; body_text_color=&#8220;#ffffff&#8220; max_width=&#8220;1000px&#8220; max_width_tablet=&#8220;&#8220; max_width_phone=&#8220;&#8220; max_width_last_edited=&#8220;on|desktop&#8220; module_alignment=&#8220;right&#8220; custom_padding=&#8220;0px|||&#8220; hover_enabled=&#8220;0&#8243;][\/et_pb_blurb][\/et_pb_column][et_pb_column type=&#8220;1_2&#8243; _builder_version=&#8220;3.25&#8243; custom_padding=&#8220;|||&#8220; custom_padding__hover=&#8220;|||&#8220;][\/et_pb_column][\/et_pb_row][et_pb_row _builder_version=&#8220;3.25&#8243; custom_padding=&#8220;40px||80px||false|false&#8220; column_structure=&#8220;1_2,1_2&#8243;][et_pb_column type=&#8220;1_2&#8243; _builder_version=&#8220;3.25&#8243; custom_padding=&#8220;|||&#8220; custom_padding__hover=&#8220;|||&#8220;][et_pb_blurb image_max_width=&#8220;1000px&#8220; content_max_width=&#8220;1000px&#8220; image_max_width_tablet=&#8220;&#8220; image_max_width_phone=&#8220;&#8220; image_max_width_last_edited=&#8220;on|desktop&#8220; content_max_width_tablet=&#8220;&#8220; content_max_width_phone=&#8220;&#8220; content_max_width_last_edited=&#8220;on|desktop&#8220; _builder_version=&#8220;3.21.4&#8243; header_text_color=&#8220;#ffffff&#8220; header_font_size=&#8220;42px&#8220; body_font=&#8220;Comfortaa||||&#8220; body_text_align=&#8220;left&#8220; body_text_color=&#8220;#ffffff&#8220; max_width=&#8220;1000px&#8220; max_width_tablet=&#8220;&#8220; max_width_phone=&#8220;&#8220; max_width_last_edited=&#8220;on|desktop&#8220; module_alignment=&#8220;right&#8220; custom_padding=&#8220;0px|||&#8220;]Verschaffen Sie sich einen \u00dcberblick \u00fcber alle laufenden Piloten im Projekt SAIN. Nehmen Sie Kontakt auf, wenn Sie mitmachen m\u00f6chten oder lassen Sie sich zu eigenen Projekten anregen![\/et_pb_blurb][\/et_pb_column][et_pb_column type=&#8220;1_2&#8243; _builder_version=&#8220;3.25&#8243; custom_padding=&#8220;|||&#8220; custom_padding__hover=&#8220;|||&#8220;][et_pb_blurb image_max_width=&#8220;1000px&#8220; content_max_width=&#8220;1000px&#8220; image_max_width_tablet=&#8220;&#8220; image_max_width_phone=&#8220;&#8220; image_max_width_last_edited=&#8220;on|desktop&#8220; content_max_width_tablet=&#8220;&#8220; content_max_width_phone=&#8220;&#8220; content_max_width_last_edited=&#8220;on|desktop&#8220; _builder_version=&#8220;3.21.4&#8243; header_text_color=&#8220;#ffffff&#8220; header_font_size=&#8220;42px&#8220; body_font=&#8220;Comfortaa||||&#8220; body_text_align=&#8220;left&#8220; body_text_color=&#8220;#ffffff&#8220; max_width=&#8220;1000px&#8220; max_width_tablet=&#8220;&#8220; max_width_phone=&#8220;&#8220; max_width_last_edited=&#8220;on|desktop&#8220; module_alignment=&#8220;right&#8220; custom_padding=&#8220;0px|||&#8220;]Klicken Sie auf eine Umrisskarte, um die SAIN-Piloten der jeweiligen Stadt zu sehen![\/et_pb_blurb][\/et_pb_column][\/et_pb_row][\/et_pb_section][et_pb_section fb_built=&#8220;1&#8243; _builder_version=&#8220;3.22&#8243; background_color=&#8220;#00967f&#8220; parallax=&#8220;on&#8220; parallax_method=&#8220;off&#8220; custom_margin=&#8220;|||&#8220; custom_padding=&#8220;0px|0px|0px|0px&#8220;][et_pb_row _builder_version=&#8220;3.25&#8243; custom_padding=&#8220;80px|40px|100px|40px&#8220; column_structure=&#8220;1_2,1_2&#8243;][et_pb_column type=&#8220;1_2&#8243; _builder_version=&#8220;3.25&#8243; custom_padding=&#8220;|||&#8220; custom_padding__hover=&#8220;|||&#8220;][et_pb_blurb image_max_width=&#8220;1000px&#8220; content_max_width=&#8220;1000px&#8220; image_max_width_tablet=&#8220;&#8220; image_max_width_phone=&#8220;&#8220; image_max_width_last_edited=&#8220;on|desktop&#8220; content_max_width_tablet=&#8220;&#8220; content_max_width_phone=&#8220;&#8220; content_max_width_last_edited=&#8220;on|desktop&#8220; _builder_version=&#8220;3.21.4&#8243; header_text_align=&#8220;center&#8220; header_text_color=&#8220;#ffffff&#8220; header_font_size=&#8220;24px&#8220; header_line_height=&#8220;1.2em&#8220; body_font=&#8220;Comfortaa||||&#8220; body_text_align=&#8220;center&#8220; body_text_color=&#8220;#ffffff&#8220; body_font_size=&#8220;16px&#8220; body_line_height=&#8220;1.2em&#8220; background_image=&#8220;https:\/\/staedtische-agrikultur.de\/wp-content\/uploads\/2017\/12\/Kartenumriss_Bonn_voll_60pc.png&#8220; background_size=&#8220;contain&#8220; text_orientation=&#8220;center&#8220; max_width=&#8220;1000px&#8220; max_width_tablet=&#8220;&#8220; max_width_phone=&#8220;&#8220; max_width_last_edited=&#8220;on|desktop&#8220; module_alignment=&#8220;center&#8220; custom_margin=&#8220;0px|||&#8220; custom_padding=&#8220;220px||220px|&#8220; z_index_tablet=&#8220;500&#8243; saved_tabs=&#8220;all&#8220;]<\/p>\n<p><a href=\"https:\/\/staedtische-agrikultur.de\/index.php\/piloten-bonn\/\" color:=\"\" ffffff=\"\"><strong> Bonn<\/strong><\/a><\/p>\n<p>[\/et_pb_blurb][\/et_pb_column][et_pb_column type=&#8220;1_2&#8243; _builder_version=&#8220;3.25&#8243; custom_padding=&#8220;|||&#8220; custom_padding__hover=&#8220;|||&#8220;][et_pb_blurb image_max_width=&#8220;1000px&#8220; content_max_width=&#8220;1000px&#8220; image_max_width_tablet=&#8220;&#8220; image_max_width_phone=&#8220;&#8220; image_max_width_last_edited=&#8220;on|desktop&#8220; content_max_width_tablet=&#8220;&#8220; content_max_width_phone=&#8220;&#8220; content_max_width_last_edited=&#8220;on|desktop&#8220; _builder_version=&#8220;3.21.4&#8243; header_text_align=&#8220;center&#8220; header_text_color=&#8220;#ffffff&#8220; header_font_size=&#8220;12px&#8220; header_line_height=&#8220;1.2em&#8220; body_font=&#8220;Comfortaa||||&#8220; body_text_align=&#8220;center&#8220; body_text_color=&#8220;#ffffff&#8220; body_font_size=&#8220;16px&#8220; body_line_height=&#8220;1.2em&#8220; background_image=&#8220;https:\/\/staedtische-agrikultur.de\/wp-content\/uploads\/2017\/12\/Kartenumriss_OB_60pc.png&#8220; background_size=&#8220;contain&#8220; text_orientation=&#8220;center&#8220; max_width=&#8220;1000px&#8220; max_width_tablet=&#8220;&#8220; max_width_phone=&#8220;&#8220; max_width_last_edited=&#8220;on|desktop&#8220; module_alignment=&#8220;center&#8220; custom_margin=&#8220;0px|||&#8220; custom_padding=&#8220;220px||220px|&#8220; z_index_tablet=&#8220;500&#8243; saved_tabs=&#8220;all&#8220;]<\/p>\n<p><a href=\"https:\/\/staedtische-agrikultur.de\/index.php\/piloten_oberhausen\/\"><span style=\"color: #ffffff;\"><strong>Oberhausen<\/strong><\/span><\/a><\/p>\n<p>[\/et_pb_blurb][\/et_pb_column][\/et_pb_row][et_pb_row _builder_version=&#8220;3.25&#8243; custom_padding=&#8220;0|0px|0|0px|false|false&#8220;][et_pb_column type=&#8220;4_4&#8243; _builder_version=&#8220;3.25&#8243; custom_padding=&#8220;|||&#8220; custom_padding__hover=&#8220;|||&#8220;][et_pb_text _builder_version=&#8220;3.27.4&#8243;]<\/p>\n<p>Bild: <a href=\"http:\/\/www.pixelio.de\" target=\"_blank\" rel=\"noopener noreferrer\">pixelio.de<\/a><\/p>\n<p>[\/et_pb_text][\/et_pb_column][\/et_pb_row][\/et_pb_section]<\/p>\n","protected":false},"excerpt":{"rendered":"<p>Verschaffen Sie sich einen \u00dcberblick \u00fcber alle laufenden Piloten im Projekt SAIN. Nehmen Sie Kontakt auf, wenn Sie mitmachen m\u00f6chten oder lassen Sie sich zu eigenen Projekten anregen!Klicken Sie auf eine Umrisskarte, um die SAIN-Piloten der jeweiligen Stadt zu sehen! BonnOberhausenBild: pixelio.de<\/p>\n","protected":false},"author":19,"featured_media":0,"parent":0,"menu_order":0,"comment_status":"closed","ping_status":"closed","template":"","meta":{"_et_pb_use_builder":"on","_et_pb_old_content":"","_et_gb_content_width":"","footnotes":""},"class_list":["post-6574","page","type-page","status-publish","hentry"],"yoast_head":"<!-- This site is optimized with the Yoast SEO plugin v27.5 - https:\/\/yoast.com\/product\/yoast-seo-wordpress\/ -->\n<title>Pilotprojekte in Oberhausen und in Bonn - St\u00e4dtische Agrikultur<\/title>\n<meta name=\"description\" content=\"Hier finden Sie Pilotprojekte in den St\u00e4dten Oberhausen und Bonn zum Thema St\u00e4dtische Agrikultur. Klicken Sie auf Piloten Bonn odewr Piloten Oberhausen.\" \/>\n<meta name=\"robots\" content=\"index, follow, max-snippet:-1, max-image-preview:large, max-video-preview:-1\" \/>\n<link rel=\"canonical\" href=\"https:\/\/websites.fraunhofer.de\/staedtischeagrikultur\/index.php\/pilotprojekte\/\" \/>\n<meta property=\"og:locale\" content=\"de_DE\" \/>\n<meta property=\"og:type\" content=\"article\" \/>\n<meta property=\"og:title\" content=\"Pilotprojekte in Oberhausen und in Bonn - St\u00e4dtische Agrikultur\" \/>\n<meta property=\"og:description\" content=\"Hier finden Sie Pilotprojekte in den St\u00e4dten Oberhausen und Bonn zum Thema St\u00e4dtische Agrikultur. Klicken Sie auf Piloten Bonn odewr Piloten Oberhausen.\" \/>\n<meta property=\"og:url\" content=\"https:\/\/websites.fraunhofer.de\/staedtischeagrikultur\/index.php\/pilotprojekte\/\" \/>\n<meta property=\"og:site_name\" content=\"St\u00e4dtische Agrikultur\" \/>\n<meta property=\"article:publisher\" content=\"https:\/\/www.facebook.com\/SAINagrikultur\/\" \/>\n<meta property=\"article:modified_time\" content=\"2019-10-18T11:51:41+00:00\" \/>\n<meta name=\"twitter:card\" content=\"summary_large_image\" \/>\n<meta name=\"twitter:label1\" content=\"Gesch\u00e4tzte Lesezeit\" \/>\n\t<meta name=\"twitter:data1\" content=\"4\u00a0Minuten\" \/>\n<script type=\"application\/ld+json\" class=\"yoast-schema-graph\">{\"@context\":\"https:\\\/\\\/schema.org\",\"@graph\":[{\"@type\":\"WebPage\",\"@id\":\"https:\\\/\\\/websites.fraunhofer.de\\\/staedtischeagrikultur\\\/index.php\\\/pilotprojekte\\\/\",\"url\":\"https:\\\/\\\/websites.fraunhofer.de\\\/staedtischeagrikultur\\\/index.php\\\/pilotprojekte\\\/\",\"name\":\"Pilotprojekte in Oberhausen und in Bonn - St\u00e4dtische Agrikultur\",\"isPartOf\":{\"@id\":\"https:\\\/\\\/websites.fraunhofer.de\\\/staedtischeagrikultur\\\/#website\"},\"datePublished\":\"2019-04-12T16:22:24+00:00\",\"dateModified\":\"2019-10-18T11:51:41+00:00\",\"description\":\"Hier finden Sie Pilotprojekte in den St\u00e4dten Oberhausen und Bonn zum Thema St\u00e4dtische Agrikultur. Klicken Sie auf Piloten Bonn odewr Piloten Oberhausen.\",\"breadcrumb\":{\"@id\":\"https:\\\/\\\/websites.fraunhofer.de\\\/staedtischeagrikultur\\\/index.php\\\/pilotprojekte\\\/#breadcrumb\"},\"inLanguage\":\"de\",\"potentialAction\":[{\"@type\":\"ReadAction\",\"target\":[\"https:\\\/\\\/websites.fraunhofer.de\\\/staedtischeagrikultur\\\/index.php\\\/pilotprojekte\\\/\"]}]},{\"@type\":\"BreadcrumbList\",\"@id\":\"https:\\\/\\\/websites.fraunhofer.de\\\/staedtischeagrikultur\\\/index.php\\\/pilotprojekte\\\/#breadcrumb\",\"itemListElement\":[{\"@type\":\"ListItem\",\"position\":1,\"name\":\"Startseite\",\"item\":\"https:\\\/\\\/websites.fraunhofer.de\\\/staedtischeagrikultur\\\/\"},{\"@type\":\"ListItem\",\"position\":2,\"name\":\"Piloten\"}]},{\"@type\":\"WebSite\",\"@id\":\"https:\\\/\\\/websites.fraunhofer.de\\\/staedtischeagrikultur\\\/#website\",\"url\":\"https:\\\/\\\/websites.fraunhofer.de\\\/staedtischeagrikultur\\\/\",\"name\":\"St\u00e4dtische Agrikultur\",\"description\":\"SAIN\",\"publisher\":{\"@id\":\"https:\\\/\\\/websites.fraunhofer.de\\\/staedtischeagrikultur\\\/#organization\"},\"potentialAction\":[{\"@type\":\"SearchAction\",\"target\":{\"@type\":\"EntryPoint\",\"urlTemplate\":\"https:\\\/\\\/websites.fraunhofer.de\\\/staedtischeagrikultur\\\/?s={search_term_string}\"},\"query-input\":{\"@type\":\"PropertyValueSpecification\",\"valueRequired\":true,\"valueName\":\"search_term_string\"}}],\"inLanguage\":\"de\"},{\"@type\":\"Organization\",\"@id\":\"https:\\\/\\\/websites.fraunhofer.de\\\/staedtischeagrikultur\\\/#organization\",\"name\":\"St\u00e4dtische Agrikultur\",\"url\":\"https:\\\/\\\/websites.fraunhofer.de\\\/staedtischeagrikultur\\\/\",\"logo\":{\"@type\":\"ImageObject\",\"inLanguage\":\"de\",\"@id\":\"https:\\\/\\\/websites.fraunhofer.de\\\/staedtischeagrikultur\\\/#\\\/schema\\\/logo\\\/image\\\/\",\"url\":\"https:\\\/\\\/staedtische-agrikultur.de\\\/wp-content\\\/uploads\\\/2017\\\/10\\\/SAIN-Logo_V4_N-k\u00fcrzer_edit-170831_Fraunhofer-Gr\u00fcn.png\",\"contentUrl\":\"https:\\\/\\\/staedtische-agrikultur.de\\\/wp-content\\\/uploads\\\/2017\\\/10\\\/SAIN-Logo_V4_N-k\u00fcrzer_edit-170831_Fraunhofer-Gr\u00fcn.png\",\"width\":1666,\"height\":1666,\"caption\":\"St\u00e4dtische Agrikultur\"},\"image\":{\"@id\":\"https:\\\/\\\/websites.fraunhofer.de\\\/staedtischeagrikultur\\\/#\\\/schema\\\/logo\\\/image\\\/\"},\"sameAs\":[\"https:\\\/\\\/www.facebook.com\\\/SAINagrikultur\\\/\",\"https:\\\/\\\/www.youtube.com\\\/channel\\\/UCeFQ74xB7C6-DHKwI1k9E3Q\"]}]}<\/script>\n<!-- \/ Yoast SEO plugin. -->","yoast_head_json":{"title":"Pilotprojekte in Oberhausen und in Bonn - St\u00e4dtische Agrikultur","description":"Hier finden Sie Pilotprojekte in den St\u00e4dten Oberhausen und Bonn zum Thema St\u00e4dtische Agrikultur. Klicken Sie auf Piloten Bonn odewr Piloten Oberhausen.","robots":{"index":"index","follow":"follow","max-snippet":"max-snippet:-1","max-image-preview":"max-image-preview:large","max-video-preview":"max-video-preview:-1"},"canonical":"https:\/\/websites.fraunhofer.de\/staedtischeagrikultur\/index.php\/pilotprojekte\/","og_locale":"de_DE","og_type":"article","og_title":"Pilotprojekte in Oberhausen und in Bonn - St\u00e4dtische Agrikultur","og_description":"Hier finden Sie Pilotprojekte in den St\u00e4dten Oberhausen und Bonn zum Thema St\u00e4dtische Agrikultur. Klicken Sie auf Piloten Bonn odewr Piloten Oberhausen.","og_url":"https:\/\/websites.fraunhofer.de\/staedtischeagrikultur\/index.php\/pilotprojekte\/","og_site_name":"St\u00e4dtische Agrikultur","article_publisher":"https:\/\/www.facebook.com\/SAINagrikultur\/","article_modified_time":"2019-10-18T11:51:41+00:00","twitter_card":"summary_large_image","twitter_misc":{"Gesch\u00e4tzte Lesezeit":"4\u00a0Minuten"},"schema":{"@context":"https:\/\/schema.org","@graph":[{"@type":"WebPage","@id":"https:\/\/websites.fraunhofer.de\/staedtischeagrikultur\/index.php\/pilotprojekte\/","url":"https:\/\/websites.fraunhofer.de\/staedtischeagrikultur\/index.php\/pilotprojekte\/","name":"Pilotprojekte in Oberhausen und in Bonn - St\u00e4dtische Agrikultur","isPartOf":{"@id":"https:\/\/websites.fraunhofer.de\/staedtischeagrikultur\/#website"},"datePublished":"2019-04-12T16:22:24+00:00","dateModified":"2019-10-18T11:51:41+00:00","description":"Hier finden Sie Pilotprojekte in den St\u00e4dten Oberhausen und Bonn zum Thema St\u00e4dtische Agrikultur. Klicken Sie auf Piloten Bonn odewr Piloten Oberhausen.","breadcrumb":{"@id":"https:\/\/websites.fraunhofer.de\/staedtischeagrikultur\/index.php\/pilotprojekte\/#breadcrumb"},"inLanguage":"de","potentialAction":[{"@type":"ReadAction","target":["https:\/\/websites.fraunhofer.de\/staedtischeagrikultur\/index.php\/pilotprojekte\/"]}]},{"@type":"BreadcrumbList","@id":"https:\/\/websites.fraunhofer.de\/staedtischeagrikultur\/index.php\/pilotprojekte\/#breadcrumb","itemListElement":[{"@type":"ListItem","position":1,"name":"Startseite","item":"https:\/\/websites.fraunhofer.de\/staedtischeagrikultur\/"},{"@type":"ListItem","position":2,"name":"Piloten"}]},{"@type":"WebSite","@id":"https:\/\/websites.fraunhofer.de\/staedtischeagrikultur\/#website","url":"https:\/\/websites.fraunhofer.de\/staedtischeagrikultur\/","name":"St\u00e4dtische Agrikultur","description":"SAIN","publisher":{"@id":"https:\/\/websites.fraunhofer.de\/staedtischeagrikultur\/#organization"},"potentialAction":[{"@type":"SearchAction","target":{"@type":"EntryPoint","urlTemplate":"https:\/\/websites.fraunhofer.de\/staedtischeagrikultur\/?s={search_term_string}"},"query-input":{"@type":"PropertyValueSpecification","valueRequired":true,"valueName":"search_term_string"}}],"inLanguage":"de"},{"@type":"Organization","@id":"https:\/\/websites.fraunhofer.de\/staedtischeagrikultur\/#organization","name":"St\u00e4dtische Agrikultur","url":"https:\/\/websites.fraunhofer.de\/staedtischeagrikultur\/","logo":{"@type":"ImageObject","inLanguage":"de","@id":"https:\/\/websites.fraunhofer.de\/staedtischeagrikultur\/#\/schema\/logo\/image\/","url":"https:\/\/staedtische-agrikultur.de\/wp-content\/uploads\/2017\/10\/SAIN-Logo_V4_N-k\u00fcrzer_edit-170831_Fraunhofer-Gr\u00fcn.png","contentUrl":"https:\/\/staedtische-agrikultur.de\/wp-content\/uploads\/2017\/10\/SAIN-Logo_V4_N-k\u00fcrzer_edit-170831_Fraunhofer-Gr\u00fcn.png","width":1666,"height":1666,"caption":"St\u00e4dtische Agrikultur"},"image":{"@id":"https:\/\/websites.fraunhofer.de\/staedtischeagrikultur\/#\/schema\/logo\/image\/"},"sameAs":["https:\/\/www.facebook.com\/SAINagrikultur\/","https:\/\/www.youtube.com\/channel\/UCeFQ74xB7C6-DHKwI1k9E3Q"]}]}},"_links":{"self":[{"href":"https:\/\/staedtische-agrikultur.de\/index.php\/wp-json\/wp\/v2\/pages\/6574","targetHints":{"allow":["GET"]}}],"collection":[{"href":"https:\/\/staedtische-agrikultur.de\/index.php\/wp-json\/wp\/v2\/pages"}],"about":[{"href":"https:\/\/staedtische-agrikultur.de\/index.php\/wp-json\/wp\/v2\/types\/page"}],"author":[{"embeddable":true,"href":"https:\/\/staedtische-agrikultur.de\/index.php\/wp-json\/wp\/v2\/users\/19"}],"replies":[{"embeddable":true,"href":"https:\/\/staedtische-agrikultur.de\/index.php\/wp-json\/wp\/v2\/comments?post=6574"}],"version-history":[{"count":0,"href":"https:\/\/staedtische-agrikultur.de\/index.php\/wp-json\/wp\/v2\/pages\/6574\/revisions"}],"wp:attachment":[{"href":"https:\/\/staedtische-agrikultur.de\/index.php\/wp-json\/wp\/v2\/media?parent=6574"}],"curies":[{"name":"wp","href":"https:\/\/api.w.org\/{rel}","templated":true}]}}