{"id":5967,"date":"2019-02-13T15:18:17","date_gmt":"2019-02-13T14:18:17","guid":{"rendered":"https:\/\/websites.fraunhofer.de\/staedtische-agrikultur\/?page_id=5967"},"modified":"2019-05-07T13:45:13","modified_gmt":"2019-05-07T11:45:13","slug":"raeumliche-vernetzung","status":"publish","type":"page","link":"https:\/\/staedtische-agrikultur.de\/index.php\/raeumliche-vernetzung\/","title":{"rendered":"R\u00e4umliche Vernetzung"},"content":{"rendered":"<p>[et_pb_section fb_built=&#8220;1&#8243; _builder_version=&#8220;3.21.4&#8243; parallax=&#8220;on&#8220; parallax_method=&#8220;off&#8220; custom_padding=&#8220;0||0||false|false&#8220; filter_saturate=&#8220;129%&#8220; filter_brightness=&#8220;97%&#8220; filter_contrast=&#8220;109%&#8220; background_color=&#8220;rgba(0,150,127,0)&#8220;][et_pb_row custom_padding=&#8220;100px|0px|40px|0px|false|false&#8220; _builder_version=&#8220;3.21.4&#8243;][et_pb_column type=&#8220;1_2&#8243; _builder_version=&#8220;3.19.9&#8243;][et_pb_text _builder_version=&#8220;3.19.9&#8243;]<\/p>\n<h1>R\u00e4umliche Vernetzung<\/h1>\n<p>[\/et_pb_text][\/et_pb_column][et_pb_column type=&#8220;1_2&#8243; _builder_version=&#8220;3.19.9&#8243;][et_pb_text _builder_version=&#8220;3.19.9&#8243;][\/et_pb_text][\/et_pb_column][\/et_pb_row][et_pb_row custom_padding=&#8220;0|0px|80px|0px|false|false&#8220; _builder_version=&#8220;3.21.4&#8243;][et_pb_column type=&#8220;1_2&#8243; _builder_version=&#8220;3.19.9&#8243;][et_pb_text _builder_version=&#8220;3.21.4&#8243;]<\/p>\n<p>Klicken sie auf die Links und finden Sie Aktionen, \u00f6kologische und soziale Projekte, Unternehmen und Organisationen, die \u00a0der Region Lebensqualit\u00e4t schenken. Auf den interaktiven Karten k\u00f6nnen sich alle Nutzer, die nachhaltig handeln eintragen und so ihre Mitmenschen erreichen.<\/p>\n<p>[\/et_pb_text][\/et_pb_column][et_pb_column type=&#8220;1_2&#8243; _builder_version=&#8220;3.19.9&#8243;][\/et_pb_column][\/et_pb_row][\/et_pb_section][et_pb_section fb_built=&#8220;1&#8243; _builder_version=&#8220;3.21.4&#8243; background_color=&#8220;#00967f&#8220; custom_margin=&#8220;||&#8220; custom_padding=&#8220;0||0||false|false&#8220;][et_pb_row use_custom_gutter=&#8220;on&#8220; custom_padding=&#8220;100px|0px|80px|0px|false|false&#8220; custom_margin=&#8220;||&#8220; _builder_version=&#8220;3.21.4&#8243; module_alignment=&#8220;center&#8220;][et_pb_column type=&#8220;1_3&#8243; _builder_version=&#8220;3.19.9&#8243;][et_pb_blurb title=&#8220;www.kartevonmorgen.org&#8220; url=&#8220;http:\/\/www.kartevonmorgen.org&#8220; url_new_window=&#8220;on&#8220; image_max_width=&#8220;1000px&#8220; content_max_width=&#8220;1000px&#8220; image_max_width_last_edited=&#8220;on|desktop&#8220; content_max_width_last_edited=&#8220;on|desktop&#8220; _builder_version=&#8220;3.19.14&#8243; header_font=&#8220;||||||||&#8220; header_text_color=&#8220;#ffffff&#8220; header_font_size=&#8220;24px&#8220; header_line_height=&#8220;1.2em&#8220; body_font=&#8220;Comfortaa||||&#8220; body_text_align=&#8220;left&#8220; body_text_color=&#8220;#ffffff&#8220; body_font_size=&#8220;12px&#8220; background_layout=&#8220;dark&#8220; max_width=&#8220;1000px&#8220; max_width_last_edited=&#8220;on|desktop&#8220; module_alignment=&#8220;right&#8220; custom_margin=&#8220;0px|||2px&#8220; custom_padding=&#8220;|||&#8220; animation_style=&#8220;fade&#8220;][\/et_pb_blurb][\/et_pb_column][et_pb_column type=&#8220;1_3&#8243; _builder_version=&#8220;3.19.9&#8243;][et_pb_text _builder_version=&#8220;3.19.14&#8243; custom_margin=&#8220;0px||&#8220;]<\/p>\n<p>Alles Gute auf einer Karte &#8211; Die Karte von morgen:<br \/>\u00a0&#8222;&#8230;von morgen f\u00f6rdert Menschlichkeit, Umweltfreundlichkeit und gemeinsames Handeln \u2013 kurz gesagt: Alles was gl\u00fccklich macht. Mit der Karte von morgen, einer Website und App, sollen Menschen zusammen gebracht werden, die Gutes tun wollen, und Projekte, die bereits Gutes schaffen. Die interaktive Karte zeigt den Nutzern Orte in Ihrer Umgebung, die sich schon heute f\u00fcr eine Welt von morgen einsetzen.&#8220;<\/p>\n<h4><\/h4>\n<p>[\/et_pb_text][\/et_pb_column][et_pb_column type=&#8220;1_3&#8243; _builder_version=&#8220;3.19.9&#8243;][et_pb_image src=&#8220;https:\/\/staedtische-agrikultur.de\/wp-content\/uploads\/2019\/02\/Bild-1.2-von-morgen-transformation-sichtbar-machen.jpg&#8220; _builder_version=&#8220;3.19.17&#8243; custom_margin=&#8220;0px||0px&#8220;][\/et_pb_image][et_pb_text _builder_version=&#8220;3.19.14&#8243;]<\/p>\n<p>(Quelle: kartevonmorgen.org)<\/p>\n<p>[\/et_pb_text][\/et_pb_column][\/et_pb_row][et_pb_row custom_padding=&#8220;0px||0px|&#8220; custom_padding_phone=&#8220;80px||0px|&#8220; custom_padding_last_edited=&#8220;on|desktop&#8220; _builder_version=&#8220;3.0.106&#8243;][et_pb_column type=&#8220;4_4&#8243; _builder_version=&#8220;3.0.47&#8243;][et_pb_divider divider_position=&#8220;center&#8220; divider_weight=&#8220;4px&#8220; height=&#8220;10px&#8220; _builder_version=&#8220;3.2&#8243; saved_tabs=&#8220;all&#8220;][\/et_pb_divider][\/et_pb_column][\/et_pb_row][et_pb_row custom_padding=&#8220;80px||80px&#8220; _builder_version=&#8220;3.21.4&#8243;][et_pb_column type=&#8220;1_3&#8243; _builder_version=&#8220;3.19.9&#8243;][et_pb_blurb title=&#8220;www.treeday.net&#8220; url=&#8220;http:\/\/www.treeday.net&#8220; url_new_window=&#8220;on&#8220; image_max_width=&#8220;1000px&#8220; content_max_width=&#8220;1000px&#8220; image_max_width_last_edited=&#8220;on|desktop&#8220; content_max_width_last_edited=&#8220;on|desktop&#8220; _builder_version=&#8220;3.19.14&#8243; header_font=&#8220;||||||||&#8220; header_text_color=&#8220;#ffffff&#8220; header_font_size=&#8220;24px&#8220; header_line_height=&#8220;1.2em&#8220; body_font=&#8220;Comfortaa||||&#8220; body_text_align=&#8220;left&#8220; body_text_color=&#8220;#ffffff&#8220; body_font_size=&#8220;12px&#8220; background_layout=&#8220;dark&#8220; max_width=&#8220;1000px&#8220; max_width_last_edited=&#8220;on|desktop&#8220; module_alignment=&#8220;right&#8220; custom_margin=&#8220;0px|||&#8220; custom_padding=&#8220;0px|||&#8220; animation_style=&#8220;fade&#8220;][\/et_pb_blurb][\/et_pb_column][et_pb_column type=&#8220;1_3&#8243; _builder_version=&#8220;3.19.9&#8243;][et_pb_text _builder_version=&#8220;3.19.14&#8243; custom_margin=&#8220;0px||&#8220;]<\/p>\n<p>Gr\u00fcner Lifestile muss einfacher werden &#8211; Treeday.net:<br \/>&#8222;&#8230;Mit einer Landkarte f\u00fcr nachhaltigen Konsum bietet das Wiener Startup TREEDAY nun die M\u00f6glichkeit, seinen Alltag ganz einfach umweltfreundlich zu gestalten. Gleich beim \u00d6ffnen der App wird angezeigt, wo sich die gr\u00fcnsten Unternehmen in der Umgebung befinden. Im Fokus liegen regionale, meist kleine,oft jedoch sehr innovative undfortschrittliche Unternehmen.&#8220;<\/p>\n<h4><\/h4>\n<p>[\/et_pb_text][\/et_pb_column][et_pb_column type=&#8220;1_3&#8243; _builder_version=&#8220;3.19.9&#8243;][et_pb_image src=&#8220;https:\/\/staedtische-agrikultur.de\/wp-content\/uploads\/2019\/02\/press-1.jpg&#8220; _builder_version=&#8220;3.19.14&#8243; custom_margin=&#8220;0px||0px&#8220; custom_padding=&#8220;||0px&#8220;][\/et_pb_image][et_pb_text _builder_version=&#8220;3.19.14&#8243;]<\/p>\n<p>(Quelle: treeday.net)<\/p>\n<p>[\/et_pb_text][\/et_pb_column][\/et_pb_row][et_pb_row custom_padding=&#8220;0px||0px|&#8220; custom_padding_phone=&#8220;80px||0px|&#8220; custom_padding_last_edited=&#8220;on|desktop&#8220; _builder_version=&#8220;3.0.106&#8243;][et_pb_column type=&#8220;4_4&#8243; _builder_version=&#8220;3.0.47&#8243;][et_pb_divider divider_position=&#8220;center&#8220; divider_weight=&#8220;4px&#8220; height=&#8220;10px&#8220; _builder_version=&#8220;3.2&#8243; saved_tabs=&#8220;all&#8220;][\/et_pb_divider][\/et_pb_column][\/et_pb_row][et_pb_row custom_padding=&#8220;80px||80px&#8220; _builder_version=&#8220;3.21.4&#8243;][et_pb_column type=&#8220;1_3&#8243; _builder_version=&#8220;3.19.9&#8243;][et_pb_blurb title=&#8220;www.meine-ernte.de&#8220; url=&#8220;http:\/\/www.meine-ernte.de&#8220; url_new_window=&#8220;on&#8220; image_max_width=&#8220;1000px&#8220; content_max_width=&#8220;1000px&#8220; image_max_width_last_edited=&#8220;on|desktop&#8220; content_max_width_last_edited=&#8220;on|desktop&#8220; _builder_version=&#8220;3.19.14&#8243; header_font=&#8220;||||||||&#8220; header_text_color=&#8220;#ffffff&#8220; header_font_size=&#8220;24px&#8220; header_line_height=&#8220;1.2em&#8220; body_font=&#8220;Comfortaa||||&#8220; body_text_align=&#8220;left&#8220; body_text_color=&#8220;#ffffff&#8220; body_font_size=&#8220;12px&#8220; background_layout=&#8220;dark&#8220; max_width=&#8220;1000px&#8220; max_width_last_edited=&#8220;on|desktop&#8220; module_alignment=&#8220;right&#8220; custom_margin=&#8220;0px|||&#8220; custom_padding=&#8220;0px|||&#8220; animation_style=&#8220;fade&#8220;][\/et_pb_blurb][\/et_pb_column][et_pb_column type=&#8220;1_3&#8243; _builder_version=&#8220;3.19.9&#8243;][et_pb_text _builder_version=&#8220;3.19.14&#8243; custom_margin=&#8220;0px||&#8220;]<\/p>\n<p>meine-ernte Gem\u00fcseg\u00e4rten:<br \/>Die \u00dcbersichtskarte von meine ernte zeigt die Gem\u00fcseg\u00e4rten in der Region, die Sie anmieten k\u00f6nnen.<\/p>\n<p>&#8222;&#8230;Du m\u00f6chtest Deinem Gem\u00fcse beim Wachsen zusehen? Die meine ernte Gem\u00fcseg\u00e4rten zum Mieten erm\u00f6glichen Dir ein Rund-Um-Erlebnis im eigenen Gem\u00fcsegarten. Genie\u00dfe die Erde an den H\u00e4nden unter freiem Himmel und ernte die ganze Saison \u00fcber knackiges Gem\u00fcse! Dein Gem\u00fcsegarten wird mit \u00fcber 20 verschiedenen Gem\u00fcsesorten und Blumen bepflanzt. So kannst Du Deinen Gem\u00fcsebedarf f\u00fcr eine Saison abdecken. Alles, was Du ben\u00f6tigst, ist schon da: Gartenger\u00e4te, Wasser zum Gie\u00dfen sowie regelm\u00e4\u00dfige Beratung vor Ort und online. So kannst Du auch als Gartenneuling erfolgreich mitg\u00e4rtnern!&#8230;&#8220;<\/p>\n<p>[\/et_pb_text][\/et_pb_column][et_pb_column type=&#8220;1_3&#8243; _builder_version=&#8220;3.19.9&#8243;][et_pb_image src=&#8220;https:\/\/staedtische-agrikultur.de\/wp-content\/uploads\/2019\/02\/ME2014-48_300dpi.jpg&#8220; _builder_version=&#8220;3.19.14&#8243; custom_margin=&#8220;0px||0px&#8220;][\/et_pb_image][et_pb_text _builder_version=&#8220;3.19.14&#8243; custom_margin=&#8220;0px||&#8220; custom_padding=&#8220;0px||&#8220;]<\/p>\n<p>(Quelle: meine ernte)<\/p>\n<p>[\/et_pb_text][\/et_pb_column][\/et_pb_row][et_pb_row custom_padding=&#8220;0px||0px|&#8220; custom_padding_phone=&#8220;80px||0px|&#8220; custom_padding_last_edited=&#8220;on|desktop&#8220; _builder_version=&#8220;3.0.106&#8243;][et_pb_column type=&#8220;4_4&#8243; _builder_version=&#8220;3.0.47&#8243;][et_pb_divider divider_position=&#8220;center&#8220; divider_weight=&#8220;4px&#8220; height=&#8220;10px&#8220; _builder_version=&#8220;3.2&#8243; saved_tabs=&#8220;all&#8220;][\/et_pb_divider][\/et_pb_column][\/et_pb_row][et_pb_row custom_padding=&#8220;80px||100px&#8220; _builder_version=&#8220;3.21.4&#8243;][et_pb_column type=&#8220;1_3&#8243; _builder_version=&#8220;3.19.9&#8243;][et_pb_blurb title=&#8220;www.ernaehrungsraete.de&#8220; url=&#8220;http:\/\/www.ernaehrungsraete.de&#8220; url_new_window=&#8220;on&#8220; image_max_width=&#8220;1000px&#8220; content_max_width=&#8220;1000px&#8220; image_max_width_last_edited=&#8220;on|desktop&#8220; content_max_width_last_edited=&#8220;on|desktop&#8220; _builder_version=&#8220;3.19.14&#8243; header_font=&#8220;||||||||&#8220; header_text_color=&#8220;#ffffff&#8220; header_font_size=&#8220;23px&#8220; header_line_height=&#8220;1.2em&#8220; body_font=&#8220;Comfortaa||||&#8220; body_text_align=&#8220;left&#8220; body_text_color=&#8220;#ffffff&#8220; body_font_size=&#8220;12px&#8220; background_layout=&#8220;dark&#8220; max_width=&#8220;1000px&#8220; max_width_last_edited=&#8220;on|desktop&#8220; module_alignment=&#8220;right&#8220; custom_margin=&#8220;0px|||&#8220; custom_padding=&#8220;0px|||&#8220; animation_style=&#8220;fade&#8220;][\/et_pb_blurb][\/et_pb_column][et_pb_column type=&#8220;1_3&#8243; _builder_version=&#8220;3.19.9&#8243;][et_pb_text _builder_version=&#8220;3.19.14&#8243; custom_margin=&#8220;0px||&#8220;]<\/p>\n<p>Ern\u00e4hrungsr\u00e4te in Deutschland und Europa:<\/p>\n<p>Ern\u00e4hrungsr\u00e4te helfen dabei die Lebensmittelversorgung nachhaltig zu gestalten. Ein Ern\u00e4hrungsrat diskutiert beispielsweise \u00fcber Zielsetzungen f\u00fcr die lokale Ern\u00e4hrungspolitik und unterst\u00fctzt den Wandel des st\u00e4dtischen Ern\u00e4hrungssystems. Der Rat bildet ein Gremium, dass die Akteure vor Ort vernetzt und so das Wissen und die Kreativit\u00e4t vom Landwirtem bis zum Verbraucher b\u00fcndelt. Die Karte zeigt die Ern\u00e4hrungsr\u00e4te in Deutschland und Europa &#8211; unterhalb der Karte finden Sie Links zu den einzelnen Steckbriefen und Websites der Ern\u00e4hrungsr\u00e4te.<\/p>\n<p>[\/et_pb_text][\/et_pb_column][et_pb_column type=&#8220;1_3&#8243; _builder_version=&#8220;3.19.9&#8243;][et_pb_image src=&#8220;https:\/\/staedtische-agrikultur.de\/wp-content\/uploads\/2019\/05\/MEV111003.jpg&#8220; _builder_version=&#8220;3.21.4&#8243; custom_margin=&#8220;||0px&#8220;][\/et_pb_image][et_pb_text _builder_version=&#8220;3.21.4&#8243; custom_margin=&#8220;0px||&#8220; custom_padding=&#8220;0px||&#8220;]\u00bbQuelle: MEV\u00ab[\/et_pb_text][\/et_pb_column][\/et_pb_row][\/et_pb_section]<\/p>\n","protected":false},"excerpt":{"rendered":"<p>R\u00e4umliche VernetzungKlicken sie auf die Links und finden Sie Aktionen, \u00f6kologische und soziale Projekte, Unternehmen und Organisationen, die \u00a0der Region Lebensqualit\u00e4t schenken. Auf den interaktiven Karten k\u00f6nnen sich alle Nutzer, die nachhaltig handeln eintragen und so ihre Mitmenschen erreichen.Alles Gute auf einer Karte &#8211; Die Karte von morgen:\u00a0&#8222;&#8230;von morgen f\u00f6rdert Menschlichkeit, Umweltfreundlichkeit und gemeinsames Handeln [&hellip;]<\/p>\n","protected":false},"author":2,"featured_media":0,"parent":0,"menu_order":0,"comment_status":"closed","ping_status":"closed","template":"","meta":{"_et_pb_use_builder":"on","_et_pb_old_content":"","_et_gb_content_width":"","footnotes":""},"class_list":["post-5967","page","type-page","status-publish","hentry"],"yoast_head":"<!-- This site is optimized with the Yoast SEO plugin v27.4 - https:\/\/yoast.com\/product\/yoast-seo-wordpress\/ -->\n<title>R\u00e4umliche Vernetzung - St\u00e4dtische Agrikultur<\/title>\n<meta name=\"robots\" content=\"index, follow, max-snippet:-1, max-image-preview:large, max-video-preview:-1\" \/>\n<link rel=\"canonical\" href=\"https:\/\/websites.fraunhofer.de\/staedtischeagrikultur\/index.php\/raeumliche-vernetzung\/\" \/>\n<meta property=\"og:locale\" content=\"de_DE\" \/>\n<meta property=\"og:type\" content=\"article\" \/>\n<meta property=\"og:title\" content=\"R\u00e4umliche Vernetzung - St\u00e4dtische Agrikultur\" \/>\n<meta property=\"og:description\" content=\"R\u00e4umliche VernetzungKlicken sie auf die Links und finden Sie Aktionen, \u00f6kologische und soziale Projekte, Unternehmen und Organisationen, die \u00a0der Region Lebensqualit\u00e4t schenken. Auf den interaktiven Karten k\u00f6nnen sich alle Nutzer, die nachhaltig handeln eintragen und so ihre Mitmenschen erreichen.Alles Gute auf einer Karte - Die Karte von morgen:\u00a0&quot;...von morgen f\u00f6rdert Menschlichkeit, Umweltfreundlichkeit und gemeinsames Handeln [&hellip;]\" \/>\n<meta property=\"og:url\" content=\"https:\/\/websites.fraunhofer.de\/staedtischeagrikultur\/index.php\/raeumliche-vernetzung\/\" \/>\n<meta property=\"og:site_name\" content=\"St\u00e4dtische Agrikultur\" \/>\n<meta property=\"article:publisher\" content=\"https:\/\/www.facebook.com\/SAINagrikultur\/\" \/>\n<meta property=\"article:modified_time\" content=\"2019-05-07T11:45:13+00:00\" \/>\n<meta name=\"twitter:card\" content=\"summary_large_image\" \/>\n<meta name=\"twitter:label1\" content=\"Gesch\u00e4tzte Lesezeit\" \/>\n\t<meta name=\"twitter:data1\" content=\"7\u00a0Minuten\" \/>\n<script type=\"application\/ld+json\" class=\"yoast-schema-graph\">{\"@context\":\"https:\\\/\\\/schema.org\",\"@graph\":[{\"@type\":\"WebPage\",\"@id\":\"https:\\\/\\\/websites.fraunhofer.de\\\/staedtischeagrikultur\\\/index.php\\\/raeumliche-vernetzung\\\/\",\"url\":\"https:\\\/\\\/websites.fraunhofer.de\\\/staedtischeagrikultur\\\/index.php\\\/raeumliche-vernetzung\\\/\",\"name\":\"R\u00e4umliche Vernetzung - St\u00e4dtische Agrikultur\",\"isPartOf\":{\"@id\":\"https:\\\/\\\/websites.fraunhofer.de\\\/staedtischeagrikultur\\\/#website\"},\"datePublished\":\"2019-02-13T14:18:17+00:00\",\"dateModified\":\"2019-05-07T11:45:13+00:00\",\"breadcrumb\":{\"@id\":\"https:\\\/\\\/websites.fraunhofer.de\\\/staedtischeagrikultur\\\/index.php\\\/raeumliche-vernetzung\\\/#breadcrumb\"},\"inLanguage\":\"de\",\"potentialAction\":[{\"@type\":\"ReadAction\",\"target\":[\"https:\\\/\\\/websites.fraunhofer.de\\\/staedtischeagrikultur\\\/index.php\\\/raeumliche-vernetzung\\\/\"]}]},{\"@type\":\"BreadcrumbList\",\"@id\":\"https:\\\/\\\/websites.fraunhofer.de\\\/staedtischeagrikultur\\\/index.php\\\/raeumliche-vernetzung\\\/#breadcrumb\",\"itemListElement\":[{\"@type\":\"ListItem\",\"position\":1,\"name\":\"Startseite\",\"item\":\"https:\\\/\\\/websites.fraunhofer.de\\\/staedtischeagrikultur\\\/\"},{\"@type\":\"ListItem\",\"position\":2,\"name\":\"R\u00e4umliche Vernetzung\"}]},{\"@type\":\"WebSite\",\"@id\":\"https:\\\/\\\/websites.fraunhofer.de\\\/staedtischeagrikultur\\\/#website\",\"url\":\"https:\\\/\\\/websites.fraunhofer.de\\\/staedtischeagrikultur\\\/\",\"name\":\"St\u00e4dtische Agrikultur\",\"description\":\"SAIN\",\"publisher\":{\"@id\":\"https:\\\/\\\/websites.fraunhofer.de\\\/staedtischeagrikultur\\\/#organization\"},\"potentialAction\":[{\"@type\":\"SearchAction\",\"target\":{\"@type\":\"EntryPoint\",\"urlTemplate\":\"https:\\\/\\\/websites.fraunhofer.de\\\/staedtischeagrikultur\\\/?s={search_term_string}\"},\"query-input\":{\"@type\":\"PropertyValueSpecification\",\"valueRequired\":true,\"valueName\":\"search_term_string\"}}],\"inLanguage\":\"de\"},{\"@type\":\"Organization\",\"@id\":\"https:\\\/\\\/websites.fraunhofer.de\\\/staedtischeagrikultur\\\/#organization\",\"name\":\"St\u00e4dtische Agrikultur\",\"url\":\"https:\\\/\\\/websites.fraunhofer.de\\\/staedtischeagrikultur\\\/\",\"logo\":{\"@type\":\"ImageObject\",\"inLanguage\":\"de\",\"@id\":\"https:\\\/\\\/websites.fraunhofer.de\\\/staedtischeagrikultur\\\/#\\\/schema\\\/logo\\\/image\\\/\",\"url\":\"https:\\\/\\\/staedtische-agrikultur.de\\\/wp-content\\\/uploads\\\/2017\\\/10\\\/SAIN-Logo_V4_N-k\u00fcrzer_edit-170831_Fraunhofer-Gr\u00fcn.png\",\"contentUrl\":\"https:\\\/\\\/staedtische-agrikultur.de\\\/wp-content\\\/uploads\\\/2017\\\/10\\\/SAIN-Logo_V4_N-k\u00fcrzer_edit-170831_Fraunhofer-Gr\u00fcn.png\",\"width\":1666,\"height\":1666,\"caption\":\"St\u00e4dtische Agrikultur\"},\"image\":{\"@id\":\"https:\\\/\\\/websites.fraunhofer.de\\\/staedtischeagrikultur\\\/#\\\/schema\\\/logo\\\/image\\\/\"},\"sameAs\":[\"https:\\\/\\\/www.facebook.com\\\/SAINagrikultur\\\/\",\"https:\\\/\\\/www.youtube.com\\\/channel\\\/UCeFQ74xB7C6-DHKwI1k9E3Q\"]}]}<\/script>\n<!-- \/ Yoast SEO plugin. -->","yoast_head_json":{"title":"R\u00e4umliche Vernetzung - St\u00e4dtische Agrikultur","robots":{"index":"index","follow":"follow","max-snippet":"max-snippet:-1","max-image-preview":"max-image-preview:large","max-video-preview":"max-video-preview:-1"},"canonical":"https:\/\/websites.fraunhofer.de\/staedtischeagrikultur\/index.php\/raeumliche-vernetzung\/","og_locale":"de_DE","og_type":"article","og_title":"R\u00e4umliche Vernetzung - St\u00e4dtische Agrikultur","og_description":"R\u00e4umliche VernetzungKlicken sie auf die Links und finden Sie Aktionen, \u00f6kologische und soziale Projekte, Unternehmen und Organisationen, die \u00a0der Region Lebensqualit\u00e4t schenken. Auf den interaktiven Karten k\u00f6nnen sich alle Nutzer, die nachhaltig handeln eintragen und so ihre Mitmenschen erreichen.Alles Gute auf einer Karte - Die Karte von morgen:\u00a0\"...von morgen f\u00f6rdert Menschlichkeit, Umweltfreundlichkeit und gemeinsames Handeln [&hellip;]","og_url":"https:\/\/websites.fraunhofer.de\/staedtischeagrikultur\/index.php\/raeumliche-vernetzung\/","og_site_name":"St\u00e4dtische Agrikultur","article_publisher":"https:\/\/www.facebook.com\/SAINagrikultur\/","article_modified_time":"2019-05-07T11:45:13+00:00","twitter_card":"summary_large_image","twitter_misc":{"Gesch\u00e4tzte Lesezeit":"7\u00a0Minuten"},"schema":{"@context":"https:\/\/schema.org","@graph":[{"@type":"WebPage","@id":"https:\/\/websites.fraunhofer.de\/staedtischeagrikultur\/index.php\/raeumliche-vernetzung\/","url":"https:\/\/websites.fraunhofer.de\/staedtischeagrikultur\/index.php\/raeumliche-vernetzung\/","name":"R\u00e4umliche Vernetzung - St\u00e4dtische Agrikultur","isPartOf":{"@id":"https:\/\/websites.fraunhofer.de\/staedtischeagrikultur\/#website"},"datePublished":"2019-02-13T14:18:17+00:00","dateModified":"2019-05-07T11:45:13+00:00","breadcrumb":{"@id":"https:\/\/websites.fraunhofer.de\/staedtischeagrikultur\/index.php\/raeumliche-vernetzung\/#breadcrumb"},"inLanguage":"de","potentialAction":[{"@type":"ReadAction","target":["https:\/\/websites.fraunhofer.de\/staedtischeagrikultur\/index.php\/raeumliche-vernetzung\/"]}]},{"@type":"BreadcrumbList","@id":"https:\/\/websites.fraunhofer.de\/staedtischeagrikultur\/index.php\/raeumliche-vernetzung\/#breadcrumb","itemListElement":[{"@type":"ListItem","position":1,"name":"Startseite","item":"https:\/\/websites.fraunhofer.de\/staedtischeagrikultur\/"},{"@type":"ListItem","position":2,"name":"R\u00e4umliche Vernetzung"}]},{"@type":"WebSite","@id":"https:\/\/websites.fraunhofer.de\/staedtischeagrikultur\/#website","url":"https:\/\/websites.fraunhofer.de\/staedtischeagrikultur\/","name":"St\u00e4dtische Agrikultur","description":"SAIN","publisher":{"@id":"https:\/\/websites.fraunhofer.de\/staedtischeagrikultur\/#organization"},"potentialAction":[{"@type":"SearchAction","target":{"@type":"EntryPoint","urlTemplate":"https:\/\/websites.fraunhofer.de\/staedtischeagrikultur\/?s={search_term_string}"},"query-input":{"@type":"PropertyValueSpecification","valueRequired":true,"valueName":"search_term_string"}}],"inLanguage":"de"},{"@type":"Organization","@id":"https:\/\/websites.fraunhofer.de\/staedtischeagrikultur\/#organization","name":"St\u00e4dtische Agrikultur","url":"https:\/\/websites.fraunhofer.de\/staedtischeagrikultur\/","logo":{"@type":"ImageObject","inLanguage":"de","@id":"https:\/\/websites.fraunhofer.de\/staedtischeagrikultur\/#\/schema\/logo\/image\/","url":"https:\/\/staedtische-agrikultur.de\/wp-content\/uploads\/2017\/10\/SAIN-Logo_V4_N-k\u00fcrzer_edit-170831_Fraunhofer-Gr\u00fcn.png","contentUrl":"https:\/\/staedtische-agrikultur.de\/wp-content\/uploads\/2017\/10\/SAIN-Logo_V4_N-k\u00fcrzer_edit-170831_Fraunhofer-Gr\u00fcn.png","width":1666,"height":1666,"caption":"St\u00e4dtische Agrikultur"},"image":{"@id":"https:\/\/websites.fraunhofer.de\/staedtischeagrikultur\/#\/schema\/logo\/image\/"},"sameAs":["https:\/\/www.facebook.com\/SAINagrikultur\/","https:\/\/www.youtube.com\/channel\/UCeFQ74xB7C6-DHKwI1k9E3Q"]}]}},"_links":{"self":[{"href":"https:\/\/staedtische-agrikultur.de\/index.php\/wp-json\/wp\/v2\/pages\/5967","targetHints":{"allow":["GET"]}}],"collection":[{"href":"https:\/\/staedtische-agrikultur.de\/index.php\/wp-json\/wp\/v2\/pages"}],"about":[{"href":"https:\/\/staedtische-agrikultur.de\/index.php\/wp-json\/wp\/v2\/types\/page"}],"author":[{"embeddable":true,"href":"https:\/\/staedtische-agrikultur.de\/index.php\/wp-json\/wp\/v2\/users\/2"}],"replies":[{"embeddable":true,"href":"https:\/\/staedtische-agrikultur.de\/index.php\/wp-json\/wp\/v2\/comments?post=5967"}],"version-history":[{"count":0,"href":"https:\/\/staedtische-agrikultur.de\/index.php\/wp-json\/wp\/v2\/pages\/5967\/revisions"}],"wp:attachment":[{"href":"https:\/\/staedtische-agrikultur.de\/index.php\/wp-json\/wp\/v2\/media?parent=5967"}],"curies":[{"name":"wp","href":"https:\/\/api.w.org\/{rel}","templated":true}]}}